{"id":447,"date":"2024-10-28T12:42:30","date_gmt":"2024-10-28T12:42:30","guid":{"rendered":"https:\/\/elektrotechnik-heilenmann.de\/?page_id=447"},"modified":"2025-09-01T11:29:13","modified_gmt":"2025-09-01T11:29:13","slug":"weitere-projekte-heute","status":"publish","type":"page","link":"https:\/\/elektrotechnik-heilenmann.de\/?page_id=447","title":{"rendered":"weitere Projekte heute"},"content":{"rendered":"<p>Hier listen wir Ihnen die aktuellen Projekte auf.<\/p>\n<p style=\"text-align: left;\"><strong><br \/>\nReihenmittelhaus M\u00fcnster\u00a0<\/strong><br \/>\nLeitungsphasen 1 &#8211; 8<\/p>\n<p style=\"text-align: left;\"><strong>Altst\u00e4dter Schule Celle<\/strong><br \/>\nLeitungsphasen 1 &#8211; 8<\/p>\n<p style=\"text-align: left;\"><strong>Verwaltungsgeb\u00e4ude D\u00fclmen<\/strong><br \/>\nLeitungsphasen 1 &#8211; 8<\/p>\n<p style=\"text-align: left;\"><strong>Neubau Schule in Niedersachsen<\/strong><br \/>\nLeitungsphasen 1 &#8211; 8<\/p>\n<p style=\"text-align: left;\"><strong>Schule D\u00fcsseldorf<\/strong><br \/>\nLeitungsphasen 5<\/p>\n","protected":false},"excerpt":{"rendered":"<p>Hier listen wir Ihnen die aktuellen Projekte auf. Reihenmittelhaus M\u00fcnster\u00a0 Leitungsphasen 1 &#8211; 8 Altst\u00e4dter Schule Celle Leitungsphasen 1 &#8211; 8 Verwaltungsgeb\u00e4ude D\u00fclmen Leitungsphasen 1 &#8211; 8 Neubau Schule in Niedersachsen Leitungsphasen 1 &#8211; 8 Schule D\u00fcsseldorf Leitungsphasen 5<\/p>\n","protected":false},"author":1,"featured_media":0,"parent":0,"menu_order":0,"comment_status":"closed","ping_status":"closed","template":"","meta":{"_kad_post_transparent":"default","_kad_post_title":"default","_kad_post_layout":"default","_kad_post_sidebar_id":"","_kad_post_content_style":"default","_kad_post_vertical_padding":"default","_kad_post_feature":"","_kad_post_feature_position":"","_kad_post_header":false,"_kad_post_footer":false,"footnotes":""},"class_list":["post-447","page","type-page","status-publish","hentry"],"_links":{"self":[{"href":"https:\/\/elektrotechnik-heilenmann.de\/index.php?rest_route=\/wp\/v2\/pages\/447","targetHints":{"allow":["GET"]}}],"collection":[{"href":"https:\/\/elektrotechnik-heilenmann.de\/index.php?rest_route=\/wp\/v2\/pages"}],"about":[{"href":"https:\/\/elektrotechnik-heilenmann.de\/index.php?rest_route=\/wp\/v2\/types\/page"}],"author":[{"embeddable":true,"href":"https:\/\/elektrotechnik-heilenmann.de\/index.php?rest_route=\/wp\/v2\/users\/1"}],"replies":[{"embeddable":true,"href":"https:\/\/elektrotechnik-heilenmann.de\/index.php?rest_route=%2Fwp%2Fv2%2Fcomments&post=447"}],"version-history":[{"count":4,"href":"https:\/\/elektrotechnik-heilenmann.de\/index.php?rest_route=\/wp\/v2\/pages\/447\/revisions"}],"predecessor-version":[{"id":467,"href":"https:\/\/elektrotechnik-heilenmann.de\/index.php?rest_route=\/wp\/v2\/pages\/447\/revisions\/467"}],"wp:attachment":[{"href":"https:\/\/elektrotechnik-heilenmann.de\/index.php?rest_route=%2Fwp%2Fv2%2Fmedia&parent=447"}],"curies":[{"name":"wp","href":"https:\/\/api.w.org\/{rel}","templated":true}]}}