{"id":4,"date":"2018-06-19T16:09:41","date_gmt":"2018-06-19T16:09:41","guid":{"rendered":"http:\/\/elektrotechnik-heilenmann.de\/?page_id=4"},"modified":"2024-03-08T11:43:43","modified_gmt":"2024-03-08T11:43:43","slug":"home","status":"publish","type":"page","link":"https:\/\/elektrotechnik-heilenmann.de\/","title":{"rendered":"Startseite"},"content":{"rendered":"<p><img loading=\"lazy\" decoding=\"async\" class=\"alignnone wp-image-272 size-full\" src=\"https:\/\/elektrotechnik-heilenmann.de\/wp-content\/uploads\/2019\/10\/cropped-cropped-cropped-electrical-planning-3536767_1920-2.jpg\" alt=\"\" width=\"1000\" height=\"250\" srcset=\"https:\/\/elektrotechnik-heilenmann.de\/wp-content\/uploads\/2019\/10\/cropped-cropped-cropped-electrical-planning-3536767_1920-2.jpg 1000w, https:\/\/elektrotechnik-heilenmann.de\/wp-content\/uploads\/2019\/10\/cropped-cropped-cropped-electrical-planning-3536767_1920-2-300x75.jpg 300w, https:\/\/elektrotechnik-heilenmann.de\/wp-content\/uploads\/2019\/10\/cropped-cropped-cropped-electrical-planning-3536767_1920-2-768x192.jpg 768w\" sizes=\"auto, (max-width: 1000px) 100vw, 1000px\" \/><\/p>\n<p>Willkommen auf unserer Internetseite!<\/p>\n<p>\u00dcber unser Planungsb\u00fcro bieten wir Ihnen seit 2007 als kompetenter Partner im Elektrohandwerk Leistungen f\u00fcr Elektrotechnik und Lichtplanung an. Unsere Auftraggeber \u00fcberzeugen wir durch Qualit\u00e4t und Kompetenz.<\/p>\n<p>Wir planen Ihr Projekt vom Grundriss bis hin zur individualisierten Beleuchtungstechnik. Selbstverst\u00e4ndlich befindet sich Ihr Projekt durch gezielte Bau\u00fcberwachung bis zur Fertigstellung bei uns in guten H\u00e4nden.<\/p>\n<p>Das diese S\u00e4tze nicht so dahin geschrieben sind, beweist unsere <a href=\"https:\/\/elektrotechnik-heilenmann.de\/?page_id=18\" target=\"_blank\" rel=\"noopener\">Referenzseite<\/a>.<\/p>\n<p>Ihr Carsten Heilenmann<\/p>\n","protected":false},"excerpt":{"rendered":"<p>Willkommen auf unserer Internetseite! \u00dcber unser Planungsb\u00fcro bieten wir Ihnen seit 2007 als kompetenter Partner im Elektrohandwerk Leistungen f\u00fcr Elektrotechnik und Lichtplanung an. Unsere Auftraggeber \u00fcberzeugen wir durch Qualit\u00e4t und Kompetenz. Wir planen Ihr Projekt vom Grundriss bis hin zur individualisierten Beleuchtungstechnik. Selbstverst\u00e4ndlich befindet sich Ihr Projekt durch gezielte Bau\u00fcberwachung bis zur Fertigstellung bei uns&#8230;<\/p>\n","protected":false},"author":1,"featured_media":0,"parent":0,"menu_order":1,"comment_status":"closed","ping_status":"closed","template":"","meta":{"_kad_post_transparent":"default","_kad_post_title":"default","_kad_post_layout":"default","_kad_post_sidebar_id":"","_kad_post_content_style":"default","_kad_post_vertical_padding":"default","_kad_post_feature":"","_kad_post_feature_position":"","_kad_post_header":false,"_kad_post_footer":false,"footnotes":""},"class_list":["post-4","page","type-page","status-publish","hentry"],"_links":{"self":[{"href":"https:\/\/elektrotechnik-heilenmann.de\/index.php?rest_route=\/wp\/v2\/pages\/4","targetHints":{"allow":["GET"]}}],"collection":[{"href":"https:\/\/elektrotechnik-heilenmann.de\/index.php?rest_route=\/wp\/v2\/pages"}],"about":[{"href":"https:\/\/elektrotechnik-heilenmann.de\/index.php?rest_route=\/wp\/v2\/types\/page"}],"author":[{"embeddable":true,"href":"https:\/\/elektrotechnik-heilenmann.de\/index.php?rest_route=\/wp\/v2\/users\/1"}],"replies":[{"embeddable":true,"href":"https:\/\/elektrotechnik-heilenmann.de\/index.php?rest_route=%2Fwp%2Fv2%2Fcomments&post=4"}],"version-history":[{"count":5,"href":"https:\/\/elektrotechnik-heilenmann.de\/index.php?rest_route=\/wp\/v2\/pages\/4\/revisions"}],"predecessor-version":[{"id":323,"href":"https:\/\/elektrotechnik-heilenmann.de\/index.php?rest_route=\/wp\/v2\/pages\/4\/revisions\/323"}],"wp:attachment":[{"href":"https:\/\/elektrotechnik-heilenmann.de\/index.php?rest_route=%2Fwp%2Fv2%2Fmedia&parent=4"}],"curies":[{"name":"wp","href":"https:\/\/api.w.org\/{rel}","templated":true}]}}