{"id":387,"date":"2024-10-28T11:23:46","date_gmt":"2024-10-28T11:23:46","guid":{"rendered":"https:\/\/elektrotechnik-heilenmann.de\/?page_id=387"},"modified":"2024-10-28T11:23:46","modified_gmt":"2024-10-28T11:23:46","slug":"2018-mehrere-projekte","status":"publish","type":"page","link":"https:\/\/elektrotechnik-heilenmann.de\/?page_id=387","title":{"rendered":"2018 mehrere Projekte"},"content":{"rendered":"<p style=\"text-align: left;\"><strong>Projekt 9st\u00f6ckiges B\u00fcrogeb\u00e4ude<\/strong><br \/>\nLeistungsphase 1-3 und Leistungsphase 4-5<\/p>\n<p><strong>Projekt Central Tower Berlin<\/strong><br \/>\nLeistungsphase 1-5<\/p>\n<p>Grand Central Berlin<br \/>\nLeistungsphasen 5<\/p>\n<p>&nbsp;<\/p>\n","protected":false},"excerpt":{"rendered":"<p>Projekt 9st\u00f6ckiges B\u00fcrogeb\u00e4ude Leistungsphase 1-3 und Leistungsphase 4-5 Projekt Central Tower Berlin Leistungsphase 1-5 Grand Central Berlin Leistungsphasen 5 &nbsp;<\/p>\n","protected":false},"author":1,"featured_media":0,"parent":0,"menu_order":0,"comment_status":"closed","ping_status":"closed","template":"","meta":{"_kad_post_transparent":"default","_kad_post_title":"default","_kad_post_layout":"default","_kad_post_sidebar_id":"","_kad_post_content_style":"default","_kad_post_vertical_padding":"default","_kad_post_feature":"","_kad_post_feature_position":"","_kad_post_header":false,"_kad_post_footer":false,"footnotes":""},"class_list":["post-387","page","type-page","status-publish","hentry"],"_links":{"self":[{"href":"https:\/\/elektrotechnik-heilenmann.de\/index.php?rest_route=\/wp\/v2\/pages\/387","targetHints":{"allow":["GET"]}}],"collection":[{"href":"https:\/\/elektrotechnik-heilenmann.de\/index.php?rest_route=\/wp\/v2\/pages"}],"about":[{"href":"https:\/\/elektrotechnik-heilenmann.de\/index.php?rest_route=\/wp\/v2\/types\/page"}],"author":[{"embeddable":true,"href":"https:\/\/elektrotechnik-heilenmann.de\/index.php?rest_route=\/wp\/v2\/users\/1"}],"replies":[{"embeddable":true,"href":"https:\/\/elektrotechnik-heilenmann.de\/index.php?rest_route=%2Fwp%2Fv2%2Fcomments&post=387"}],"version-history":[{"count":1,"href":"https:\/\/elektrotechnik-heilenmann.de\/index.php?rest_route=\/wp\/v2\/pages\/387\/revisions"}],"predecessor-version":[{"id":388,"href":"https:\/\/elektrotechnik-heilenmann.de\/index.php?rest_route=\/wp\/v2\/pages\/387\/revisions\/388"}],"wp:attachment":[{"href":"https:\/\/elektrotechnik-heilenmann.de\/index.php?rest_route=%2Fwp%2Fv2%2Fmedia&parent=387"}],"curies":[{"name":"wp","href":"https:\/\/api.w.org\/{rel}","templated":true}]}}